{"id":1246,"date":"2023-03-20T23:23:49","date_gmt":"2023-03-21T02:23:49","guid":{"rendered":"https:\/\/isp65-sfe.infd.edu.ar\/sitio\/?page_id=1246"},"modified":"2026-03-05T10:51:37","modified_gmt":"2026-03-05T13:51:37","slug":"matricula","status":"publish","type":"page","link":"https:\/\/isp65-sfe.infd.edu.ar\/sitio\/estudiantes\/matricula\/","title":{"rendered":"Matr\u00edcula"},"content":{"rendered":"\n<h3 class=\"wp-block-heading\"><em><strong>Per\u00edodo de matriculaci\u00f3n<\/strong><\/em><\/h3>\n\n\n\n<p>&gt; 9 al 20 de marzo: Inscripci\u00f3n a unidades curriculares para estudiantes de 2.\u00ba a 4.\u00ba a\u00f1o de profesorados y 2.\u00ba y 3.\u00ba de tecnicaturas.<br>&gt; 20 al 24 de julio: inscripci\u00f3n a unidades curriculares del segundo cuatrimestre.<\/p>\n\n\n\n<h4 class=\"wp-block-heading\">Formularios de matriculaci\u00f3n (Descarga)<\/h4>\n\n\n\n<p><a href=\"https:\/\/isp65-sfe.infd.edu.ar\/sitio\/wp-content\/uploads\/2026\/03\/MATRICULA-PROFESORADO-DE-EDUCACION-PRIMARIA.pdf\">Matr\u00edcula para el Profesorado de Educaci\u00f3n Primaria<\/a><\/p>\n\n\n\n<p><a href=\"https:\/\/isp65-sfe.infd.edu.ar\/sitio\/wp-content\/uploads\/2026\/03\/MATRICULA-TECNICO-SUPERIOR-EN-GESTION-DE-LAS-ORGANIZACIONES.pdf\">Matr\u00edcula para el T\u00e9cnico Superior en Gesti\u00f3n de las Organizaciones<\/a><\/p>\n\n\n\n<p><a href=\"https:\/\/isp65-sfe.infd.edu.ar\/sitio\/wp-content\/uploads\/2026\/03\/MATRICULA-TECNICO-SUPERIOR-EN-HIGIENE-Y-SEGURIDAD-EN-EL-TRABAJO.pdf\">Matr\u00edcula para el T\u00e9cnico Superior en Higiene y Seguridad en el Trabajo<\/a><\/p>\n\n\n\n<p>Matr\u00edcula para el Profesorado de Educaci\u00f3n Tecnol\u00f3gica <\/p>\n","protected":false},"excerpt":{"rendered":"<p>Per\u00edodo de matriculaci\u00f3n &gt; 9 al 20 de marzo: Inscripci\u00f3n a unidades curriculares para estudiantes de 2.\u00ba a 4.\u00ba a\u00f1o de profesorados y 2.\u00ba y 3.\u00ba de tecnicaturas.&gt; 20 al 24 de julio: inscripci\u00f3n a unidades curriculares del segundo cuatrimestre. Formularios de matriculaci\u00f3n (Descarga) Matr\u00edcula para el Profesorado de Educaci\u00f3n Primaria Matr\u00edcula para el T\u00e9cnico &#8230; <a title=\"Matr\u00edcula\" class=\"read-more\" href=\"https:\/\/isp65-sfe.infd.edu.ar\/sitio\/estudiantes\/matricula\/\" aria-label=\"More on Matr\u00edcula\">[+]<\/a><\/p>\n","protected":false},"author":13,"featured_media":0,"parent":692,"menu_order":0,"comment_status":"closed","ping_status":"closed","template":"","meta":[],"acf":[],"_links":{"self":[{"href":"https:\/\/isp65-sfe.infd.edu.ar\/sitio\/wp-json\/wp\/v2\/pages\/1246"}],"collection":[{"href":"https:\/\/isp65-sfe.infd.edu.ar\/sitio\/wp-json\/wp\/v2\/pages"}],"about":[{"href":"https:\/\/isp65-sfe.infd.edu.ar\/sitio\/wp-json\/wp\/v2\/types\/page"}],"author":[{"embeddable":true,"href":"https:\/\/isp65-sfe.infd.edu.ar\/sitio\/wp-json\/wp\/v2\/users\/13"}],"replies":[{"embeddable":true,"href":"https:\/\/isp65-sfe.infd.edu.ar\/sitio\/wp-json\/wp\/v2\/comments?post=1246"}],"version-history":[{"count":10,"href":"https:\/\/isp65-sfe.infd.edu.ar\/sitio\/wp-json\/wp\/v2\/pages\/1246\/revisions"}],"predecessor-version":[{"id":1491,"href":"https:\/\/isp65-sfe.infd.edu.ar\/sitio\/wp-json\/wp\/v2\/pages\/1246\/revisions\/1491"}],"up":[{"embeddable":true,"href":"https:\/\/isp65-sfe.infd.edu.ar\/sitio\/wp-json\/wp\/v2\/pages\/692"}],"wp:attachment":[{"href":"https:\/\/isp65-sfe.infd.edu.ar\/sitio\/wp-json\/wp\/v2\/media?parent=1246"}],"curies":[{"name":"wp","href":"https:\/\/api.w.org\/{rel}","templated":true}]}}