{"id":644,"date":"2018-06-18T14:12:35","date_gmt":"2018-06-18T17:12:35","guid":{"rendered":"https:\/\/isp65-sfe.infd.edu.ar\/sitio\/?page_id=644"},"modified":"2026-03-05T08:49:44","modified_gmt":"2026-03-05T11:49:44","slug":"catalogo","status":"publish","type":"page","link":"https:\/\/isp65-sfe.infd.edu.ar\/sitio\/catalogo\/","title":{"rendered":"Carreras"},"content":{"rendered":"<ul>\n<li><strong>Profesorado de Educaci\u00f3n Primaria &#8211; Resoluci\u00f3n 528\/09<\/strong>\n<ul>\n<li><strong>Nivel<\/strong>:Superior No Universitario<\/li>\n<li><strong>Modalidad<\/strong>: Docente<\/li>\n<li><strong>Duraci\u00f3n de la Carrera<\/strong>: Cuatro (4) a\u00f1os<\/li>\n<li><strong>T\u00edtulo<\/strong>: Profesor\/a de Educaci\u00f3n Primaria<\/li>\n<\/ul>\n<\/li>\n<li><strong>T\u00e9cnico Superior en Gesti\u00f3n de las Organizaciones &#8211; Resoluci\u00f3n 378\/16<\/strong>\n<ul>\n<li><strong>Nivel<\/strong>:Superior No Universitario<\/li>\n<li><strong>Modalidad<\/strong>:T\u00e9cnica<\/li>\n<li><strong>Duraci\u00f3n de la Carrera<\/strong>:Tres (3) a\u00f1os<\/li>\n<li><strong>T\u00edtulo<\/strong>:T\u00e9cnico Superior en Gesti\u00f3n de las Organizaciones<\/li>\n<\/ul>\n<\/li>\n<li><strong>T\u00e9cnico Superior en Higiene y Seguridad en el Trabajo &#8211; Decreto 3012\/02<\/strong>\n<ul>\n<li><strong>Nivel<\/strong>:Superior No Universitario<\/li>\n<li><strong>Modalidad<\/strong>:T\u00e9cnica<\/li>\n<li><strong>Duraci\u00f3n de la Carrera<\/strong>:Tres (3) a\u00f1os<\/li>\n<li><strong>T\u00edtulo<\/strong>:T\u00e9cnico Superior en Higiene y Seguridad en el Trabajo<\/li>\n<\/ul>\n<\/li>\n<li><strong>Profesorado de Educaci\u00f3n Tecnol\u00f3gica &#8211; Resoluci\u00f3n 2719\/14<\/strong>\n<ul>\n<li><strong>Nivel<\/strong>:Superior No Universitario<\/li>\n<li><strong>Modalidad<\/strong>: Docente<\/li>\n<li><strong>Duraci\u00f3n de la Carrera<\/strong>: Cuatro (4) a\u00f1os<\/li>\n<li><strong>T\u00edtulo<\/strong>: Profesor\/a de Educaci\u00f3n Tecnol\u00f3gica<\/li>\n<\/ul>\n<\/li>\n<\/ul>\n","protected":false},"excerpt":{"rendered":"<p>Profesorado de Educaci\u00f3n Primaria &#8211; Resoluci\u00f3n 528\/09 Nivel:Superior No Universitario Modalidad: Docente Duraci\u00f3n de la Carrera: Cuatro (4) a\u00f1os T\u00edtulo: Profesor\/a de Educaci\u00f3n Primaria T\u00e9cnico Superior en Gesti\u00f3n de las Organizaciones &#8211; Resoluci\u00f3n 378\/16 Nivel:Superior No Universitario Modalidad:T\u00e9cnica Duraci\u00f3n de la Carrera:Tres (3) a\u00f1os T\u00edtulo:T\u00e9cnico Superior en Gesti\u00f3n de las Organizaciones T\u00e9cnico Superior en Higiene &#8230; <a title=\"Carreras\" class=\"read-more\" href=\"https:\/\/isp65-sfe.infd.edu.ar\/sitio\/catalogo\/\" aria-label=\"More on Carreras\">[+]<\/a><\/p>\n","protected":false},"author":1,"featured_media":0,"parent":0,"menu_order":0,"comment_status":"closed","ping_status":"closed","template":"","meta":[],"acf":[],"_links":{"self":[{"href":"https:\/\/isp65-sfe.infd.edu.ar\/sitio\/wp-json\/wp\/v2\/pages\/644"}],"collection":[{"href":"https:\/\/isp65-sfe.infd.edu.ar\/sitio\/wp-json\/wp\/v2\/pages"}],"about":[{"href":"https:\/\/isp65-sfe.infd.edu.ar\/sitio\/wp-json\/wp\/v2\/types\/page"}],"author":[{"embeddable":true,"href":"https:\/\/isp65-sfe.infd.edu.ar\/sitio\/wp-json\/wp\/v2\/users\/1"}],"replies":[{"embeddable":true,"href":"https:\/\/isp65-sfe.infd.edu.ar\/sitio\/wp-json\/wp\/v2\/comments?post=644"}],"version-history":[{"count":17,"href":"https:\/\/isp65-sfe.infd.edu.ar\/sitio\/wp-json\/wp\/v2\/pages\/644\/revisions"}],"predecessor-version":[{"id":1465,"href":"https:\/\/isp65-sfe.infd.edu.ar\/sitio\/wp-json\/wp\/v2\/pages\/644\/revisions\/1465"}],"wp:attachment":[{"href":"https:\/\/isp65-sfe.infd.edu.ar\/sitio\/wp-json\/wp\/v2\/media?parent=644"}],"curies":[{"name":"wp","href":"https:\/\/api.w.org\/{rel}","templated":true}]}}