{"id":683,"date":"2018-07-25T15:06:14","date_gmt":"2018-07-25T18:06:14","guid":{"rendered":"https:\/\/isp65-sfe.infd.edu.ar\/sitio\/?page_id=683"},"modified":"2026-03-05T09:58:53","modified_gmt":"2026-03-05T12:58:53","slug":"institucional","status":"publish","type":"page","link":"https:\/\/isp65-sfe.infd.edu.ar\/sitio\/institucional\/","title":{"rendered":"Bienvenidos"},"content":{"rendered":"<div>\n<p style=\"text-align: left;\">Quienes integramos el Equipo de Conducci\u00f3n, Docentes y asistentes del Instituto Superior del Profesorado N\u00ba 65 de San Vicente, queremos en estas palabras darles la bienvenida al nuevo ciclo lectivo.<\/p>\n<p style=\"text-align: left;\">Atravesamos un momento de incertidumbre, complejo, no experimentado nunca, que exige un gran esfuerzo y dedicaci\u00f3n de todos, en el que, el convencimiento de que es prioritario defender la salud de la comunidad educativa y acompa\u00f1ar la trayectoria de los estudiantes, nos moviliza.<\/p>\n<p style=\"text-align: left;\">Frente a esta situaci\u00f3n, estamos organizando nuestras actividades en un calendario flexible, con herramientas muy nuevas para todos, de modo de gestionar en este momento extraordinario, un v\u00ednculo pedag\u00f3gico en el logremos crecer juntos.<\/p>\n<p style=\"text-align: left;\">Todos sabemos que los institutos de formaci\u00f3n superior, como sucede en los dem\u00e1s niveles y modalidades, se ven interpelados permanentemente por cambios sociales. Las instituciones educativas quiz\u00e1s sean los organismos m\u00e1s vivos, en cuanto a las mutaciones, adaptaciones, acomodaciones, de acuerdo con los cambios que en la sociedad se generan y perciben.<\/p>\n<p style=\"text-align: left;\">Es as\u00ed que sabiendo c\u00f3mo las culturas juveniles impactan en la educaci\u00f3n, tambi\u00e9n estamos seguros de c\u00f3mo la educaci\u00f3n superior impacta en los proyectos de vida de quienes en alg\u00fan momento deciden \u201centrar\u201d en \u00e9ste, nuestro mundo. Los j\u00f3venes y adultos de hoy eligen continuar estudiando, a\u00fan en el marco de dificultosos escenarios personales, lo cual no nos resulta indiferente. Valoramos ampliamente esta elecci\u00f3n de ingresar y permanecer en el sistema de educaci\u00f3n superior, construyendo acciones donde el aprendizaje les sea posible.<\/p>\n<p style=\"text-align: center;\">El desaf\u00edo se pone en marcha\u2026<\/p>\n<p style=\"text-align: center;\">\u2026a transitarlo juntos!<\/p>\n<p style=\"text-align: center;\">Estamos todos dispuestos!<\/p>\n<p style=\"text-align: center;\"><strong>Bienvenidos al ISP N\u00aa 65 \u2013 SAN VICENTE<\/strong><\/p>\n<\/div>\n","protected":false},"excerpt":{"rendered":"<p>Quienes integramos el Equipo de Conducci\u00f3n, Docentes y asistentes del Instituto Superior del Profesorado N\u00ba 65 de San Vicente, queremos en estas palabras darles la bienvenida al nuevo ciclo lectivo. Atravesamos un momento de incertidumbre, complejo, no experimentado nunca, que exige un gran esfuerzo y dedicaci\u00f3n de todos, en el que, el convencimiento de que &#8230; <a title=\"Bienvenidos\" class=\"read-more\" href=\"https:\/\/isp65-sfe.infd.edu.ar\/sitio\/institucional\/\" aria-label=\"More on Bienvenidos\">[+]<\/a><\/p>\n","protected":false},"author":6,"featured_media":0,"parent":0,"menu_order":0,"comment_status":"closed","ping_status":"closed","template":"","meta":[],"acf":[],"_links":{"self":[{"href":"https:\/\/isp65-sfe.infd.edu.ar\/sitio\/wp-json\/wp\/v2\/pages\/683"}],"collection":[{"href":"https:\/\/isp65-sfe.infd.edu.ar\/sitio\/wp-json\/wp\/v2\/pages"}],"about":[{"href":"https:\/\/isp65-sfe.infd.edu.ar\/sitio\/wp-json\/wp\/v2\/types\/page"}],"author":[{"embeddable":true,"href":"https:\/\/isp65-sfe.infd.edu.ar\/sitio\/wp-json\/wp\/v2\/users\/6"}],"replies":[{"embeddable":true,"href":"https:\/\/isp65-sfe.infd.edu.ar\/sitio\/wp-json\/wp\/v2\/comments?post=683"}],"version-history":[{"count":11,"href":"https:\/\/isp65-sfe.infd.edu.ar\/sitio\/wp-json\/wp\/v2\/pages\/683\/revisions"}],"predecessor-version":[{"id":1472,"href":"https:\/\/isp65-sfe.infd.edu.ar\/sitio\/wp-json\/wp\/v2\/pages\/683\/revisions\/1472"}],"wp:attachment":[{"href":"https:\/\/isp65-sfe.infd.edu.ar\/sitio\/wp-json\/wp\/v2\/media?parent=683"}],"curies":[{"name":"wp","href":"https:\/\/api.w.org\/{rel}","templated":true}]}}