{"id":692,"date":"2018-07-25T15:09:46","date_gmt":"2018-07-25T18:09:46","guid":{"rendered":"https:\/\/isp65-sfe.infd.edu.ar\/sitio\/?page_id=692"},"modified":"2023-03-20T23:12:34","modified_gmt":"2023-03-21T02:12:34","slug":"estudiantes","status":"publish","type":"page","link":"https:\/\/isp65-sfe.infd.edu.ar\/sitio\/estudiantes\/","title":{"rendered":"Estudiantes"},"content":{"rendered":"<h2>Inscripci\u00f3n<br \/>\n<iframe loading=\"lazy\" src=\"https:\/\/www.youtube.com\/embed\/Viu_dWjIoiU\" width=\"560\" height=\"315\" frameborder=\"0\" allowfullscreen=\"allowfullscreen\"><span style=\"display: inline-block; width: 0px; overflow: hidden; line-height: 0;\" data-mce-type=\"bookmark\" class=\"mce_SELRES_start\">\ufeff<\/span><\/iframe><\/h2>\n<p><a href=\"https:\/\/isp65-sfe.infd.edu.ar\/sitio\/estudiantes\/ingresantes\/\">Haz click aqu\u00ed m\u00e1s informaci\u00f3n<\/a><\/p>\n","protected":false},"excerpt":{"rendered":"<p>Inscripci\u00f3n \ufeff Haz click aqu\u00ed m\u00e1s informaci\u00f3n<\/p>\n","protected":false},"author":6,"featured_media":0,"parent":0,"menu_order":0,"comment_status":"closed","ping_status":"closed","template":"","meta":[],"acf":[],"_links":{"self":[{"href":"https:\/\/isp65-sfe.infd.edu.ar\/sitio\/wp-json\/wp\/v2\/pages\/692"}],"collection":[{"href":"https:\/\/isp65-sfe.infd.edu.ar\/sitio\/wp-json\/wp\/v2\/pages"}],"about":[{"href":"https:\/\/isp65-sfe.infd.edu.ar\/sitio\/wp-json\/wp\/v2\/types\/page"}],"author":[{"embeddable":true,"href":"https:\/\/isp65-sfe.infd.edu.ar\/sitio\/wp-json\/wp\/v2\/users\/6"}],"replies":[{"embeddable":true,"href":"https:\/\/isp65-sfe.infd.edu.ar\/sitio\/wp-json\/wp\/v2\/comments?post=692"}],"version-history":[{"count":5,"href":"https:\/\/isp65-sfe.infd.edu.ar\/sitio\/wp-json\/wp\/v2\/pages\/692\/revisions"}],"predecessor-version":[{"id":1245,"href":"https:\/\/isp65-sfe.infd.edu.ar\/sitio\/wp-json\/wp\/v2\/pages\/692\/revisions\/1245"}],"wp:attachment":[{"href":"https:\/\/isp65-sfe.infd.edu.ar\/sitio\/wp-json\/wp\/v2\/media?parent=692"}],"curies":[{"name":"wp","href":"https:\/\/api.w.org\/{rel}","templated":true}]}}