{"id":727,"date":"2018-07-26T10:37:33","date_gmt":"2018-07-26T13:37:33","guid":{"rendered":"https:\/\/isp65-sfe.infd.edu.ar\/sitio\/?page_id=727"},"modified":"2026-03-05T10:31:39","modified_gmt":"2026-03-05T13:31:39","slug":"fechas-importantes","status":"publish","type":"page","link":"https:\/\/isp65-sfe.infd.edu.ar\/sitio\/estudiantes\/fechas-importantes\/","title":{"rendered":"Calendario Escolar"},"content":{"rendered":"<h4><img decoding=\"async\" loading=\"lazy\" class=\"alignleft wp-image-879\" src=\"https:\/\/isp65-sfe.infd.edu.ar\/sitio\/wp-content\/uploads\/2020\/10\/calendario.png\" alt=\"\" width=\"60\" height=\"56\"><\/h4>\n<h4><em><strong><br>&#8211; Calendario Escolar<\/strong><\/em><\/h4>\n<blockquote>\n<p style=\"padding-left: 40px;\">&gt; 9 al 13 de febrero: inscripci\u00f3n a ex\u00e1menes finales \u2013 primer turno.<br>&gt; 18 de febrero al 18 de marzo: ex\u00e1menes finales \u2013 primer turno.<br>&gt; 9 al 20 de marzo: Curso introductorio (proped\u00e9utico) para ingresantes. Inscripci\u00f3n a unidades curriculares para estudiantes de 2.\u00ba a 4.\u00ba a\u00f1o de profesorados y 2.\u00ba y 3.\u00ba de tecnicaturas.<br>&gt; 23 de marzo: inicio del ciclo lectivo.<br>&gt; 16 al 26 de junio: inscripci\u00f3n a ex\u00e1menes finales \u2013 segundo turno.<br>&gt; 3 de julio: finalizaci\u00f3n del primer cuatrimestre.<br>&gt; 6 al 17 de julio: receso invernal.<br>&gt; 20 al 24 de julio: inscripci\u00f3n a unidades curriculares del segundo cuatrimestre.<br>&gt; 20 al 31 de julio: ex\u00e1menes finales \u2013 segundo turno.<br>&gt; 11 de diciembre: finalizaci\u00f3n del ciclo lectivo para Nivel Superior<\/p>\n<\/blockquote>\n\n\n<p><\/p>\n","protected":false},"excerpt":{"rendered":"<p>&#8211; Calendario Escolar &gt; 9 al 13 de febrero: inscripci\u00f3n a ex\u00e1menes finales \u2013 primer turno.&gt; 18 de febrero al 18 de marzo: ex\u00e1menes finales \u2013 primer turno.&gt; 9 al 20 de marzo: Curso introductorio (proped\u00e9utico) para ingresantes. Inscripci\u00f3n a unidades curriculares para estudiantes de 2.\u00ba a 4.\u00ba a\u00f1o de profesorados y 2.\u00ba y 3.\u00ba &#8230; <a title=\"Calendario Escolar\" class=\"read-more\" href=\"https:\/\/isp65-sfe.infd.edu.ar\/sitio\/estudiantes\/fechas-importantes\/\" aria-label=\"More on Calendario Escolar\">[+]<\/a><\/p>\n","protected":false},"author":6,"featured_media":0,"parent":692,"menu_order":0,"comment_status":"closed","ping_status":"closed","template":"","meta":[],"acf":[],"_links":{"self":[{"href":"https:\/\/isp65-sfe.infd.edu.ar\/sitio\/wp-json\/wp\/v2\/pages\/727"}],"collection":[{"href":"https:\/\/isp65-sfe.infd.edu.ar\/sitio\/wp-json\/wp\/v2\/pages"}],"about":[{"href":"https:\/\/isp65-sfe.infd.edu.ar\/sitio\/wp-json\/wp\/v2\/types\/page"}],"author":[{"embeddable":true,"href":"https:\/\/isp65-sfe.infd.edu.ar\/sitio\/wp-json\/wp\/v2\/users\/6"}],"replies":[{"embeddable":true,"href":"https:\/\/isp65-sfe.infd.edu.ar\/sitio\/wp-json\/wp\/v2\/comments?post=727"}],"version-history":[{"count":15,"href":"https:\/\/isp65-sfe.infd.edu.ar\/sitio\/wp-json\/wp\/v2\/pages\/727\/revisions"}],"predecessor-version":[{"id":1488,"href":"https:\/\/isp65-sfe.infd.edu.ar\/sitio\/wp-json\/wp\/v2\/pages\/727\/revisions\/1488"}],"up":[{"embeddable":true,"href":"https:\/\/isp65-sfe.infd.edu.ar\/sitio\/wp-json\/wp\/v2\/pages\/692"}],"wp:attachment":[{"href":"https:\/\/isp65-sfe.infd.edu.ar\/sitio\/wp-json\/wp\/v2\/media?parent=727"}],"curies":[{"name":"wp","href":"https:\/\/api.w.org\/{rel}","templated":true}]}}