{"id":730,"date":"2018-07-26T10:40:07","date_gmt":"2018-07-26T13:40:07","guid":{"rendered":"https:\/\/isp65-sfe.infd.edu.ar\/sitio\/?page_id=730"},"modified":"2025-11-12T08:35:00","modified_gmt":"2025-11-12T11:35:00","slug":"ingresantes","status":"publish","type":"page","link":"https:\/\/isp65-sfe.infd.edu.ar\/sitio\/estudiantes\/ingresantes\/","title":{"rendered":"Ingresantes 2026"},"content":{"rendered":"\n<p>La\u00a0primera convocatoria a inscripciones para los ingresantes 2026 se realizar\u00e1 desde el <strong>22\/11\/2025 <\/strong>al <strong>15\/12\/202<\/strong>5.<\/p>\n\n\n\n<h4 class=\"wp-block-heading\">Requisitos de inscripci\u00f3n<\/h4>\n\n\n\n<p>Para inscribirse s\u00f3lo necesit\u00e1s completar el siguiente formulario de inscripci\u00f3n<\/p>\n\n\n\n<h4 class=\"wp-block-heading\">Formulario de inscripci\u00f3n<\/h4>\n\n\n\n<iframe loading=\"lazy\" src=\"https:\/\/docs.google.com\/forms\/d\/e\/1FAIpQLScoIzUgvjN-_xAf396ZhChMV5mpjcmWms61GVxCqn3HGVf5Kw\/viewform?embedded=true\" width=\"640\" height=\"1517\" frameborder=\"0\" marginheight=\"0\" marginwidth=\"0\">Cargando\u2026<\/iframe>\n\n\n\n<p>Posteriormente y <strong>en febrero\/2026<\/strong> se debe<strong> presentar<\/strong> la siguientes <strong>documentaci\u00f3n:<\/strong><\/p>\n\n\n\n<p>\u2713 Solicitud de inscripci\u00f3n <a href=\"https:\/\/isp65-sfe.infd.edu.ar\/sitio\/wp-content\/uploads\/2021\/11\/Solicitud-Inscripcion-SNU.pdf\" data-type=\"URL\" data-id=\"https:\/\/isp65-sfe.infd.edu.ar\/sitio\/wp-content\/uploads\/2021\/11\/Solicitud-Inscripcion-SNU.pdf\">\u2207Descargar<\/a> <br>\u2713 Fotocopia autenticada del DNI<br>\u2713 Fotocopia autenticada del t\u00edtulo secundario<br>\u2713 Dos fotos 4&#215;4<br>\u2713 Certificado m\u00e9dico (estampillado si es m\u00e9dico particular)<br>\u2713 Certificado bucodental<\/p>\n\n\n\n<p class=\"has-text-align-left\"><strong>Toda la documentaci\u00f3n debe estar dentro de un folio etiquetado y se entregar\u00e1, presencialmente , <strong>en la secretar\u00eda del instituto en febrero\/2026 de 19 a 21 horas.<\/strong><\/strong><\/p>\n\n\n\n<div class=\"yj6qo ajU\">\n<div id=\":1mr\" class=\"ajR\" tabindex=\"0\" role=\"button\" data-tooltip=\"Mostrar contenido reducido\" aria-label=\"Mostrar contenido reducido\" aria-expanded=\"false\">\n<figure><img decoding=\"async\" class=\"ajT\" src=\"https:\/\/ssl.gstatic.com\/ui\/v1\/icons\/mail\/images\/cleardot.gif\"><\/figure><p><\/p>\n<hr>\n<p>Ten\u00e9 presente que para ingresar al nivel superior debes cumplir los requisitos enunciados en el art\u00edculo 6\u00b0 del Decreto 4199\/15 (Reglamento Acad\u00e9mico Marco)<br>\u00abEl aspirante que se inscriba en un Instituto de Educaci\u00f3n Superior deber\u00e1 acreditar<br>lo que se indica en los apartados siguientes mediante la documentaci\u00f3n correspondiente<br>debidamente legalizada y autenticada:<\/p>\n<\/div>\n<\/div>\n\n\n\n<p>a.- Su identidad y los datos personales que se le exijan, adjuntando la documentaci\u00f3n en respaldo de los mismos.<br>b.- La conclusi\u00f3n de sus estudios previos con certificado del Nivel Secundario<br>equivalente completo.<br>c. Certificado medico emitido por organismos p\u00fablicos o privados.<br>d. &#8211; Toda otra documentaci\u00f3n o informaci\u00f3n que la Direcci\u00f3n de Educaci\u00f3n Superior o el Instituto consideren relevante para la oferta formativa y\/o recorrido acad\u00e9mico.<br>e. Los estudiantes extranjeros que deseen ingresar al Nivel Superior, deber\u00e1n presentar su certificado de estudios debidamente legalizado y la documentaci\u00f3n personal pertinente, todo conforme a la normativa vigente. Se excepciona el requisito del inciso \u00abb\u00bb del presente art\u00edculo, para aquellas personas mayores de 25 a\u00f1os que acrediten idoneidad para la carrera elegida ante la Direcci\u00f3n Provincial de Educaci\u00f3n Superior.\u00bb<br><a href=\"https:\/\/isp65-sfe.infd.edu.ar\/sitio\/wp-content\/uploads\/2020\/10\/Dec-4199-15-Reglamento-Acad\u00e9mico-Marco-RAM.pdf\">\u2207Descargar el Decreto completo<\/a><\/p>\n","protected":false},"excerpt":{"rendered":"<p>La\u00a0primera convocatoria a inscripciones para los ingresantes 2026 se realizar\u00e1 desde el 22\/11\/2025 al 15\/12\/2025. Requisitos de inscripci\u00f3n Para inscribirse s\u00f3lo necesit\u00e1s completar el siguiente formulario de inscripci\u00f3n Formulario de inscripci\u00f3n Cargando\u2026 Posteriormente y en febrero\/2026 se debe presentar la siguientes documentaci\u00f3n: \u2713 Solicitud de inscripci\u00f3n \u2207Descargar \u2713 Fotocopia autenticada del DNI\u2713 Fotocopia autenticada del &#8230; <a title=\"Ingresantes 2026\" class=\"read-more\" href=\"https:\/\/isp65-sfe.infd.edu.ar\/sitio\/estudiantes\/ingresantes\/\" aria-label=\"More on Ingresantes 2026\">[+]<\/a><\/p>\n","protected":false},"author":6,"featured_media":0,"parent":692,"menu_order":0,"comment_status":"closed","ping_status":"closed","template":"","meta":[],"acf":[],"_links":{"self":[{"href":"https:\/\/isp65-sfe.infd.edu.ar\/sitio\/wp-json\/wp\/v2\/pages\/730"}],"collection":[{"href":"https:\/\/isp65-sfe.infd.edu.ar\/sitio\/wp-json\/wp\/v2\/pages"}],"about":[{"href":"https:\/\/isp65-sfe.infd.edu.ar\/sitio\/wp-json\/wp\/v2\/types\/page"}],"author":[{"embeddable":true,"href":"https:\/\/isp65-sfe.infd.edu.ar\/sitio\/wp-json\/wp\/v2\/users\/6"}],"replies":[{"embeddable":true,"href":"https:\/\/isp65-sfe.infd.edu.ar\/sitio\/wp-json\/wp\/v2\/comments?post=730"}],"version-history":[{"count":22,"href":"https:\/\/isp65-sfe.infd.edu.ar\/sitio\/wp-json\/wp\/v2\/pages\/730\/revisions"}],"predecessor-version":[{"id":1449,"href":"https:\/\/isp65-sfe.infd.edu.ar\/sitio\/wp-json\/wp\/v2\/pages\/730\/revisions\/1449"}],"up":[{"embeddable":true,"href":"https:\/\/isp65-sfe.infd.edu.ar\/sitio\/wp-json\/wp\/v2\/pages\/692"}],"wp:attachment":[{"href":"https:\/\/isp65-sfe.infd.edu.ar\/sitio\/wp-json\/wp\/v2\/media?parent=730"}],"curies":[{"name":"wp","href":"https:\/\/api.w.org\/{rel}","templated":true}]}}