{"id":734,"date":"2018-07-26T10:49:22","date_gmt":"2018-07-26T13:49:22","guid":{"rendered":"https:\/\/isp65-sfe.infd.edu.ar\/sitio\/?page_id=734"},"modified":"2020-10-24T16:00:45","modified_gmt":"2020-10-24T19:00:45","slug":"pep","status":"publish","type":"page","link":"https:\/\/isp65-sfe.infd.edu.ar\/sitio\/catalogo\/pep\/","title":{"rendered":"Profesorado de Educaci\u00f3n Primaria"},"content":{"rendered":"<h4><strong>Profesorado de Educaci\u00f3n Primaria<\/strong><\/h4>\n<ul>\n<li>\n<pre><strong>Profesor\/a de Educaci\u00f3n Primaria<\/strong><\/pre>\n<\/li>\n<li>\n<pre><strong> Resoluci\u00f3n 528\/09<\/strong><\/pre>\n<\/li>\n<\/ul>\n<h4>Plan de estudios<\/h4>\n<h5><a href=\"https:\/\/isp65-sfe.infd.edu.ar\/sitio\/wp-content\/uploads\/2020\/10\/528-09-Profesorado-de-Educaci\u00f3n-Primaria.pdf\" target=\"_blank\" rel=\"noopener\">\u2207Descargar el dise\u00f1o curricular<\/a><\/h5>\n<p><strong>1er a\u00f1o<\/strong><\/p>\n<p style=\"padding-left: 30px;\"><strong><em>Unidades curriculares anuales<\/em><br \/>\n<\/strong><\/p>\n<p style=\"padding-left: 60px;\">Psicolog\u00eda y Educaci\u00f3n (4 hs.)<br \/>\nPedagog\u00eda (4 hs.)<br \/>\nSociolog\u00eda de la Educaci\u00f3n (2 hs.)<br \/>\nMovimiento y Cuerpo I (4 hs.)<br \/>\nTaller de Pr\u00e1ctica I (3 hs.)<br \/>\nComunicaci\u00f3n y Expresi\u00f3n Oral y Escrita (3 hs.)<br \/>\n\u00c1rea Est\u00e9tico Expresiva I (3 hs.)<br \/>\nProblem\u00e1ticas Contempor\u00e1neas de la Educaci\u00f3n Primaria I (3 hs.)<\/p>\n<p style=\"padding-left: 30px;\"><strong><em>Unidades curriculares 1\u00b0 cuatrimestre<\/em><\/strong><\/p>\n<p style=\"padding-left: 60px;\">Historia Argentina y Latinoamericana (4 hs.)<br \/>\nResoluci\u00f3n de Problemas y creatividad (4 hs.)<\/p>\n<p style=\"padding-left: 30px;\"><strong><em>Unidades curriculares 2\u00b0 cuatrimestre<\/em><\/strong><\/p>\n<p style=\"padding-left: 60px;\">Problem\u00e1ticas de las Ciencias Sociales (4 hs.)<br \/>\nCiencias Naturales para una cultura ciudadana (4 hs.)<\/p>\n<p><strong>2do a\u00f1o<\/strong><\/p>\n<p style=\"padding-left: 30px;\"><strong><em>Unidades curriculares anuales<\/em><\/strong><\/p>\n<p style=\"padding-left: 60px;\">Ciencias Naturales y su Did\u00e1ctica I<br \/>\nCiencias Sociales y su Did\u00e1ctica I<br \/>\nDid\u00e1ctica General<br \/>\nFilosof\u00eda de la Educaci\u00f3n<br \/>\nLengua y su Did\u00e1ctica<br \/>\nMatem\u00e1tica y su Did\u00e1ctica I<br \/>\nMovimiento y Cuerpo II<br \/>\nSujeto de la Educaci\u00f3n Primaria<br \/>\nTaller de Pr\u00e1ctica II<\/p>\n<p style=\"padding-left: 30px;\"><strong><em>Unidades curriculares 1\u00b0 cuatrimestre<\/em><\/strong><\/p>\n<p style=\"padding-left: 60px;\">Filosof\u00eda de la Educaci\u00f3n (3 hs.)<\/p>\n<p style=\"padding-left: 30px;\"><strong><em>Unidades curriculares 2\u00b0 cuatrimestre<\/em><\/strong><\/p>\n<p style=\"padding-left: 60px;\">Conocimiento y Educaci\u00f3n (3 hs.)<\/p>\n<p><strong>3er a\u00f1o<\/strong><\/p>\n<p style=\"padding-left: 30px;\"><strong><em>Unidades curriculares anuales<\/em><\/strong><\/p>\n<p style=\"padding-left: 60px;\">Tecnolog\u00edas de la Informaci\u00f3n y la Comunicaci\u00f3n (3 hs.)<br \/>\nHistoria Social de la Educaci\u00f3n y Pol\u00edtica Educativa Arg. (3 hs.)<br \/>\nTaller de Pr\u00e1ctica III (4 hs.)<br \/>\nMatem\u00e1tica y su did\u00e1ctica II (4 hs.)<br \/>\nCiencias Naturales y su Did\u00e1ctica (4 hs.)<br \/>\nCiencias Sociales y su Did\u00e1ctica II (4 hs.)<br \/>\n\u00c1rea Est\u00e9tico Expresiva II (3 hs.)<br \/>\nProblem\u00e1ticas Contempor\u00e1neas de la Educaci\u00f3n Primaria II (3 hs.)<\/p>\n<p style=\"padding-left: 30px;\"><strong><em>Unidades curriculares 1\u00b0 cuatrimestre<\/em><\/strong><\/p>\n<p style=\"padding-left: 60px;\">Literatura y su Did\u00e1ctica (4 hs.)<br \/>\nEspacio de definici\u00f3n Institucional I (3 hs.)<\/p>\n<p style=\"padding-left: 30px;\"><strong><em>Unidades curriculares 2\u00b0 cuatrimestre<\/em><\/strong><\/p>\n<p style=\"padding-left: 60px;\">Alfabetizaci\u00f3n Inicial (4 hs.)<br \/>\nEspacio de definici\u00f3n institucional II (3 hs.)<\/p>\n<p><strong>4to a\u00f1o<\/strong><\/p>\n<p style=\"padding-left: 30px;\"><strong><em>Unidades curriculares anuales<\/em><\/strong><\/p>\n<p style=\"padding-left: 60px;\">\u00c9tica, Trabajo docente &#8211; Derechos Humanos y Ciudadan\u00eda (3 hs.)<br \/>\nTaller de Pr\u00e1ctica IV (4 hs.)<br \/>\nAteneo (5 hs.)<\/p>\n<p style=\"padding-left: 30px;\"><strong><em>Unidades curriculares 1\u00b0 cuatrimestre<\/em><\/strong><\/p>\n<p style=\"padding-left: 60px;\">Sexualidad Humana y Educaci\u00f3n (4 hs.)<\/p>\n<h4>Perfil del egresado<\/h4>\n<p>El Profesor de Educaci\u00f3n Primaria estar\u00e1 preparado para desarrollar las situaciones que favorezcan los procesos de aprendizaje poniendo en marcha los programas acad\u00e9micos institucionales, atendiendo a sus dimensiones afectiva, social, intelectual y f\u00edsico de acuerdo a la filosof\u00eda y el modelo educativo tanto de la instituci\u00f3n como de las pol\u00edticas educativas vigentes. Todo \u201cmaestro\u201d estar\u00e1 en condiciones de planificar, organizar y desarrollar actividades, secuencias did\u00e1cticas y de evaluaci\u00f3n fomentando el aprendizaje integral y significativo de los alumnos. En el marco de su pr\u00e1ctica docente, promueve en los alumnos la apropiaci\u00f3n de los valores, conocimientos y actitudes que la instituci\u00f3n define en su modelo educativo.<\/p>\n","protected":false},"excerpt":{"rendered":"<p>Profesorado de Educaci\u00f3n Primaria Profesor\/a de Educaci\u00f3n Primaria Resoluci\u00f3n 528\/09 Plan de estudios \u2207Descargar el dise\u00f1o curricular 1er a\u00f1o Unidades curriculares anuales Psicolog\u00eda y Educaci\u00f3n (4 hs.) Pedagog\u00eda (4 hs.) Sociolog\u00eda de la Educaci\u00f3n (2 hs.) Movimiento y Cuerpo I (4 hs.) Taller de Pr\u00e1ctica I (3 hs.) Comunicaci\u00f3n y Expresi\u00f3n Oral y Escrita (3 &#8230; <a title=\"Profesorado de Educaci\u00f3n Primaria\" class=\"read-more\" href=\"https:\/\/isp65-sfe.infd.edu.ar\/sitio\/catalogo\/pep\/\" aria-label=\"More on Profesorado de Educaci\u00f3n Primaria\">[+]<\/a><\/p>\n","protected":false},"author":6,"featured_media":0,"parent":644,"menu_order":0,"comment_status":"closed","ping_status":"closed","template":"","meta":[],"acf":[],"_links":{"self":[{"href":"https:\/\/isp65-sfe.infd.edu.ar\/sitio\/wp-json\/wp\/v2\/pages\/734"}],"collection":[{"href":"https:\/\/isp65-sfe.infd.edu.ar\/sitio\/wp-json\/wp\/v2\/pages"}],"about":[{"href":"https:\/\/isp65-sfe.infd.edu.ar\/sitio\/wp-json\/wp\/v2\/types\/page"}],"author":[{"embeddable":true,"href":"https:\/\/isp65-sfe.infd.edu.ar\/sitio\/wp-json\/wp\/v2\/users\/6"}],"replies":[{"embeddable":true,"href":"https:\/\/isp65-sfe.infd.edu.ar\/sitio\/wp-json\/wp\/v2\/comments?post=734"}],"version-history":[{"count":14,"href":"https:\/\/isp65-sfe.infd.edu.ar\/sitio\/wp-json\/wp\/v2\/pages\/734\/revisions"}],"predecessor-version":[{"id":864,"href":"https:\/\/isp65-sfe.infd.edu.ar\/sitio\/wp-json\/wp\/v2\/pages\/734\/revisions\/864"}],"up":[{"embeddable":true,"href":"https:\/\/isp65-sfe.infd.edu.ar\/sitio\/wp-json\/wp\/v2\/pages\/644"}],"wp:attachment":[{"href":"https:\/\/isp65-sfe.infd.edu.ar\/sitio\/wp-json\/wp\/v2\/media?parent=734"}],"curies":[{"name":"wp","href":"https:\/\/api.w.org\/{rel}","templated":true}]}}