{"id":827,"date":"2020-10-20T16:27:00","date_gmt":"2020-10-20T19:27:00","guid":{"rendered":"https:\/\/isp65-sfe.infd.edu.ar\/sitio\/?page_id=827"},"modified":"2020-10-26T16:17:28","modified_gmt":"2020-10-26T19:17:28","slug":"tsgo","status":"publish","type":"page","link":"https:\/\/isp65-sfe.infd.edu.ar\/sitio\/catalogo\/tsgo\/","title":{"rendered":"Tecnicatura en Gesti\u00f3n de las Organizaciones"},"content":{"rendered":"<h4><strong>Tecnicatura en Gesti\u00f3n de las Organizaciones<\/strong><\/h4>\n<ul>\n<li>\n<pre>T\u00e9cnico Superior en Gesti\u00f3n de las Organizaciones<\/pre>\n<\/li>\n<li>\n<pre>Resoluci\u00f3n 378\/16<\/pre>\n<\/li>\n<\/ul>\n<h4>Plan de estudios<\/h4>\n<h5><a href=\"https:\/\/isp65-sfe.infd.edu.ar\/sitio\/wp-content\/uploads\/2020\/10\/Res-378-16-TSGESTI\u00d3N-DE-LAS-ORG.pdf\" target=\"_blank\" rel=\"noopener\">\u2207Descargar el dise\u00f1o curricular<\/a><\/h5>\n<p><strong>1er a\u00f1o<\/strong><\/p>\n<p style=\"padding-left: 30px;\"><strong><em>Unidades curriculares anuales<\/em><br \/>\n<\/strong><\/p>\n<p style=\"padding-left: 60px;\">Econom\u00eda I (3 hs.)<br \/>\nMatem\u00e1tica y Estad\u00edstica (4 hs.)<br \/>\nContabilidad I (4 hs.)<br \/>\nInform\u00e1tica I (3 hs.)<br \/>\nAdministraci\u00f3n (3 hs.)<br \/>\nGesti\u00f3n de la Producci\u00f3n I (5 hs.)<br \/>\nGesti\u00f3n del Capital Humano (4 hs.)<\/p>\n<p style=\"padding-left: 30px;\"><strong><em>Unidades curriculares 1\u00b0 cuatrimestre<\/em><\/strong><\/p>\n<p style=\"padding-left: 60px;\">Comunicaci\u00f3n (3 hs.)<\/p>\n<p style=\"padding-left: 30px;\"><strong><em>Unidades curriculares 2\u00b0 cuatrimestre<\/em><\/strong><\/p>\n<p style=\"padding-left: 60px;\">Unidad de Definici\u00f3n Institucional I (3 hs.)<\/p>\n<p><strong>2do a\u00f1o<\/strong><\/p>\n<p style=\"padding-left: 30px;\"><strong><em>Unidades curriculares anuales<\/em><\/strong><\/p>\n<p style=\"padding-left: 60px;\">Innovaci\u00f3n y Desarrollo Emprendedor (3 hs.)<br \/>\nIngl\u00e9s T\u00e9cnico (3 hs.)<br \/>\nLegislaci\u00f3n Comercial y Tributaria (3 hs.)<br \/>\nGesti\u00f3n de Comercializaci\u00f3n e Investigaci\u00f3n Comercial (5 hs.)<br \/>\nGesti\u00f3n de Costos (3 hs.)<br \/>\nGesti\u00f3n Contable (3 hs.)<br \/>\nPr\u00e1ctica Profesionalizante (6 hs.)<\/p>\n<p style=\"padding-left: 30px;\"><strong><em>Unidades curriculares 1\u00b0 cuatrimestre<\/em><\/strong><\/p>\n<p style=\"padding-left: 60px;\">Problem\u00e1ticas Socio Contempor\u00e1neas (3 hs.)<\/p>\n<p style=\"padding-left: 30px;\"><strong><em>Unidades curriculares 2\u00b0 cuatrimestre<\/em><\/strong><\/p>\n<p style=\"padding-left: 60px;\">Unidad de Definici\u00f3n Institucional II (3 hs.)<\/p>\n<p><strong>3er a\u00f1o<\/strong><\/p>\n<p style=\"padding-left: 30px;\"><strong><em>Unidades curriculares anuales<\/em><\/strong><\/p>\n<p style=\"padding-left: 60px;\">Gesti\u00f3n de Seguridad, Salud Ocupacional y Medio Ambiente (3 hs.)<br \/>\nEstrategia Empresarial (5 hs.)<br \/>\nSistemas de Informaci\u00f3n para la Gesti\u00f3n de ]as Organizaciones (3 hs.)<br \/>\nGesti\u00f3n Financiera (3 hs.)<br \/>\nEvaluaci\u00f3n y Administraci\u00f3n de Proyectos de Inversi\u00f3n (3 hs.)<br \/>\nControl de Gesti\u00f3n (3 hs.)<br \/>\nPr\u00e1cticas Profesionalizantes II (3 hs.)<\/p>\n<p style=\"padding-left: 30px;\"><strong><em>Unidades curriculares 1\u00b0 cuatrimestre<\/em><\/strong><\/p>\n<p style=\"padding-left: 60px;\">\u00c9tica y Responsabilidad Social (3 hs.)<\/p>\n<p style=\"padding-left: 30px;\"><strong><em>Unidades curriculares 2\u00b0 cuatrimestre<\/em><\/strong><\/p>\n<p style=\"padding-left: 60px;\">Legislaci\u00f3n Laboral (3 hs.)<\/p>\n<h4>Perfil del egresado<\/h4>\n<p>El T\u00e9cnico Superior en Gesti\u00f3n de las Organizaciones est\u00e1 capacitado para manifestar conocimientos, habilidades, destrezas, valores y actitudes en situaciones reales de trabajo, conforme a criterios de profesionalidad propios de su \u00e1rea y responsabilidad social al:<\/p>\n<p style=\"padding-left: 30px;\">\u2022 \u201cPlanificar, organizar, dirigir, ejecutar y controlar las operaciones relacionadas con la administraci\u00f3n de la comercializaci\u00f3n, las finanzas, los recursos humanos, las cobranzas y los pagos, las compras, la producci\u00f3n, y la administraci\u00f3n en general de la organizaci\u00f3n, teniendo en cuenta la estrategia de la organizaci\u00f3n y las normas de higiene y seguridad en el trabajo, medioambientales en el marco de la gesti\u00f3n de la calidad\u201d.<\/p>\n<p style=\"padding-left: 30px;\">\u2022 \u201cGestionar los recursos necesarios para desarrollar las actividades de la organizaci\u00f3n y en la utilizaci\u00f3n de herramientas de gesti\u00f3n para la resoluci\u00f3n de problemas concretos que se presenten en la organizaci\u00f3n\u201d.<\/p>\n<p style=\"padding-left: 30px;\">\u2022 \u201cObtener informaci\u00f3n interna y externa para elaborarla, analizarla e interpretarla para su utilizaci\u00f3n en la toma de decisiones, el control de gesti\u00f3n y el control patrimonial de la organizaci\u00f3n, y para la elaboraci\u00f3n de informaci\u00f3n requerida por terceros, tales como proveedores, clientes, organismos de control, bancos, organismos de la seguridad social, fiscales\u201d.<\/p>\n<p style=\"padding-left: 30px;\">\u2022 \u201cInteractuar con los diferentes roles ocupacionales y \u00e1reas organizacionales, mediante un trabajo en equipo de car\u00e1cter cooperativo, con capacidad para negociar, argumentar y articular propuestas, necesidades y expectativas\u201d.<\/p>\n<p style=\"padding-left: 30px;\">\u2022 \u201cGenerar propuestas innovadoras y\/o emprendimientos productivos propios del \u00e1mbito de la gesti\u00f3n de las organizaciones\u201d.<\/p>\n<p><em>Para poder desarrollar plenamente su profesionalidad, el t\u00e9cnico superior tiene adem\u00e1s que lograr ciertas capacidades que resultan transversales a todas sus funciones y tienen que ser desarrolladas y promovidas durante el transcurso de su formaci\u00f3n.<\/em><br \/>\n<em>Entre ellas, capacidad de anticipar posibles problemas o consecuencias de sus decisiones o acciones, apertura para considerar y tomar decisiones que resuelvan situaciones imprevistas, capacidad organizativa para planificar y programar acciones, capacidad de liderazgo para conducir al personal operativo, capacidad para la comunicaci\u00f3n apropiada, capacidad para trabajar en equipo, actitud de aprendizaje permanente para actualizar y profundizar sus conocimientos y habilidades y desarrollar una actitud \u00e9tica en su desempe\u00f1o profesional en organizaciones con y sin fines de lucro, grandes, medianas, peque\u00f1as y microemprendimientos.<\/em><\/p>\n<h4><strong>\u00a0<\/strong><\/h4>\n","protected":false},"excerpt":{"rendered":"<p>Tecnicatura en Gesti\u00f3n de las Organizaciones T\u00e9cnico Superior en Gesti\u00f3n de las Organizaciones Resoluci\u00f3n 378\/16 Plan de estudios \u2207Descargar el dise\u00f1o curricular 1er a\u00f1o Unidades curriculares anuales Econom\u00eda I (3 hs.) Matem\u00e1tica y Estad\u00edstica (4 hs.) Contabilidad I (4 hs.) Inform\u00e1tica I (3 hs.) Administraci\u00f3n (3 hs.) Gesti\u00f3n de la Producci\u00f3n I (5 hs.) Gesti\u00f3n &#8230; <a title=\"Tecnicatura en Gesti\u00f3n de las Organizaciones\" class=\"read-more\" href=\"https:\/\/isp65-sfe.infd.edu.ar\/sitio\/catalogo\/tsgo\/\" aria-label=\"More on Tecnicatura en Gesti\u00f3n de las Organizaciones\">[+]<\/a><\/p>\n","protected":false},"author":13,"featured_media":0,"parent":644,"menu_order":1,"comment_status":"closed","ping_status":"closed","template":"","meta":[],"acf":[],"_links":{"self":[{"href":"https:\/\/isp65-sfe.infd.edu.ar\/sitio\/wp-json\/wp\/v2\/pages\/827"}],"collection":[{"href":"https:\/\/isp65-sfe.infd.edu.ar\/sitio\/wp-json\/wp\/v2\/pages"}],"about":[{"href":"https:\/\/isp65-sfe.infd.edu.ar\/sitio\/wp-json\/wp\/v2\/types\/page"}],"author":[{"embeddable":true,"href":"https:\/\/isp65-sfe.infd.edu.ar\/sitio\/wp-json\/wp\/v2\/users\/13"}],"replies":[{"embeddable":true,"href":"https:\/\/isp65-sfe.infd.edu.ar\/sitio\/wp-json\/wp\/v2\/comments?post=827"}],"version-history":[{"count":8,"href":"https:\/\/isp65-sfe.infd.edu.ar\/sitio\/wp-json\/wp\/v2\/pages\/827\/revisions"}],"predecessor-version":[{"id":893,"href":"https:\/\/isp65-sfe.infd.edu.ar\/sitio\/wp-json\/wp\/v2\/pages\/827\/revisions\/893"}],"up":[{"embeddable":true,"href":"https:\/\/isp65-sfe.infd.edu.ar\/sitio\/wp-json\/wp\/v2\/pages\/644"}],"wp:attachment":[{"href":"https:\/\/isp65-sfe.infd.edu.ar\/sitio\/wp-json\/wp\/v2\/media?parent=827"}],"curies":[{"name":"wp","href":"https:\/\/api.w.org\/{rel}","templated":true}]}}