{"id":840,"date":"2020-10-21T22:10:26","date_gmt":"2020-10-22T01:10:26","guid":{"rendered":"https:\/\/isp65-sfe.infd.edu.ar\/sitio\/?page_id=840"},"modified":"2020-10-26T16:20:24","modified_gmt":"2020-10-26T19:20:24","slug":"tshyst","status":"publish","type":"page","link":"https:\/\/isp65-sfe.infd.edu.ar\/sitio\/catalogo\/tshyst\/","title":{"rendered":"Tecnicatura en Higiene y Seguridad en el Trabajo"},"content":{"rendered":"<h4><strong>Tecnicatura en Higiene y Seguridad en el Trabajo <\/strong><\/h4>\n<ul>\n<li>\n<pre>T\u00e9cnico Superior en Higiene y Seguridad en el Trabajo<\/pre>\n<\/li>\n<li>\n<pre>Decreto 3012\/02<\/pre>\n<\/li>\n<\/ul>\n<h4>Plan de estudios<\/h4>\n<h5><a href=\"https:\/\/isp65-sfe.infd.edu.ar\/sitio\/wp-content\/uploads\/2020\/10\/ANEXO-I-B-SEG-y-HIG-DECRETO-3012-02.pdf\" target=\"_blank\" rel=\"noopener\">\u2207Descargar el dise\u00f1o curricular<\/a><\/h5>\n<p><strong>1er a\u00f1o<\/strong><\/p>\n<p><strong><em>Unidades curriculares anuales<\/em><br \/>\n<\/strong><\/p>\n<p style=\"padding-left: 30px;\">F\u00edsica I (3 hs.)<br \/>\nQu\u00edmica I (3 hs.)<br \/>\nDibujo T\u00e9cnico (2 hs.)<br \/>\n\u00c1lgebra (3 hs.)<br \/>\nOrganizaci\u00f3n Laboral (2 hs.)<br \/>\nSeguridad I (4 hs.)<br \/>\nIncendio I (4 hs.)<br \/>\nHigiene I (3 hs.)<br \/>\nAntropolog\u00eda Filos\u00f3fica (2 hs.)<br \/>\nComputaci\u00f3n I (2 hs.)<br \/>\nIngl\u00e9s I (2 hs.)<\/p>\n<p><strong>2do a\u00f1o<\/strong><\/p>\n<p><strong><em>Unidades curriculares anuales<\/em><\/strong><\/p>\n<p style=\"padding-left: 30px;\">F\u00edsica II (3 hs.)<br \/>\nQu\u00edmica II (3 hs.)<br \/>\nAn\u00e1lisis Matem\u00e1tico (3 hs.)<br \/>\nSeguridad II (4 hs.)<br \/>\nHigiene II (4 hs.)<br \/>\nTecnolog\u00eda de los Materiales (3 hs.)<br \/>\nIncendio II (4 hs.)<br \/>\nFormaci\u00f3n Nacional (2 hs.)<br \/>\nComputaci\u00f3n II (2 hs.)<br \/>\nIngl\u00e9s II (2 hs.)<\/p>\n<p><strong>3er a\u00f1o<\/strong><\/p>\n<p><strong><em>Unidades curriculares anuales<\/em><\/strong><\/p>\n<p style=\"padding-left: 30px;\">Selecci\u00f3n y Capacitaci\u00f3n de Personal (3 hs.)<br \/>\nLegislaci\u00f3n Laboral (3 hs.)<br \/>\nSaneamiento Ambiental (4 hs.)<br \/>\nPsicolog\u00eda Laboral (3 hs.)<br \/>\nSeguridad III (4 hs.)<br \/>\nHigiene III (4 hs.)<br \/>\n\u00c9tica Profesional (2 hs.)<br \/>\nComputaci\u00f3n Aplicada (2 hs.)<br \/>\nIngl\u00e9s III (2 hs.)<br \/>\nPr\u00e1ctica Profesional (3 hs.)<\/p>\n<h4>Perfil del egresado<\/h4>\n<p>El egresado de la carrera de T\u00e9cnico Superior en Higiene y Seguridad en el Trabajo estar\u00e1 capacitado para:<\/p>\n<p style=\"padding-left: 30px;\">\u2022 Prevenir los accidentes de trabajo.<br \/>\n\u2022 Eliminar condiciones y acciones inseguras en el medio laboral.<br \/>\n\u2022 Ser ayudante del ingeniero especializado en Higiene y Seguridad del Trabajo para el cumplimiento de sus fines espec\u00edficos.<br \/>\n\u2022 Concientizar sobre las leyes y reglamentaciones vigentes.<br \/>\n\u2022 Controlar trabajos en fr\u00edo y caliente en el medio laboral.<br \/>\n\u2022 Determinar a trav\u00e9s de lo indicado en la Ley el cubrimiento preventivo de riesgos de incendio.<br \/>\n\u2022 Controlar el cumplimiento de los planes de mejoramiento indicados por las Aseguradoras de Riesgos del Trabajo.<br \/>\n\u2022 Realizar el relevamiento de las condiciones de higiene y seguridad en el trabajo.<br \/>\n\u2022 Identificar riesgos en el trabajo.<br \/>\n\u2022 En general, participar de grupos interdisciplinarios en los aspectos inherentes a lo establecido por la Ley N\u00b019587, su Decreto Reglamentario N\u00b0351\/79, sus actualizaciones y toda otra normativa espec\u00edfica que pudiere sancionarse.<\/p>\n<p><em>Para poder desarrollar plenamente su profesionalidad, el t\u00e9cnico superior tiene adem\u00e1s que lograr ciertas capacidades que resultan transversales a todas sus funciones y tienen que ser desarrolladas y promovidas durante el transcurso de su formaci\u00f3n.<\/em><br \/>\n<em>Entre ellas, capacidad de anticipar posibles problemas o consecuencias de sus decisiones o acciones, apertura para considerar y tomar decisiones que resuelvan situaciones imprevistas, capacidad organizativa para planificar y programar acciones, capacidad de liderazgo para conducir al personal operativo, capacidad para la comunicaci\u00f3n apropiada, capacidad para trabajar en equipo, actitud de aprendizaje permanente para actualizar y profundizar sus conocimientos y habilidades y desarrollar una actitud \u00e9tica en su desempe\u00f1o profesional en organizaciones con y sin fines de lucro, grandes, medianas, peque\u00f1as y microemprendimientos.<\/em><\/p>\n","protected":false},"excerpt":{"rendered":"<p>Tecnicatura en Higiene y Seguridad en el Trabajo T\u00e9cnico Superior en Higiene y Seguridad en el Trabajo Decreto 3012\/02 Plan de estudios \u2207Descargar el dise\u00f1o curricular 1er a\u00f1o Unidades curriculares anuales F\u00edsica I (3 hs.) Qu\u00edmica I (3 hs.) Dibujo T\u00e9cnico (2 hs.) \u00c1lgebra (3 hs.) Organizaci\u00f3n Laboral (2 hs.) Seguridad I (4 hs.) Incendio &#8230; <a title=\"Tecnicatura en Higiene y Seguridad en el Trabajo\" class=\"read-more\" href=\"https:\/\/isp65-sfe.infd.edu.ar\/sitio\/catalogo\/tshyst\/\" aria-label=\"More on Tecnicatura en Higiene y Seguridad en el Trabajo\">[+]<\/a><\/p>\n","protected":false},"author":13,"featured_media":0,"parent":644,"menu_order":0,"comment_status":"closed","ping_status":"closed","template":"","meta":[],"acf":[],"_links":{"self":[{"href":"https:\/\/isp65-sfe.infd.edu.ar\/sitio\/wp-json\/wp\/v2\/pages\/840"}],"collection":[{"href":"https:\/\/isp65-sfe.infd.edu.ar\/sitio\/wp-json\/wp\/v2\/pages"}],"about":[{"href":"https:\/\/isp65-sfe.infd.edu.ar\/sitio\/wp-json\/wp\/v2\/types\/page"}],"author":[{"embeddable":true,"href":"https:\/\/isp65-sfe.infd.edu.ar\/sitio\/wp-json\/wp\/v2\/users\/13"}],"replies":[{"embeddable":true,"href":"https:\/\/isp65-sfe.infd.edu.ar\/sitio\/wp-json\/wp\/v2\/comments?post=840"}],"version-history":[{"count":7,"href":"https:\/\/isp65-sfe.infd.edu.ar\/sitio\/wp-json\/wp\/v2\/pages\/840\/revisions"}],"predecessor-version":[{"id":895,"href":"https:\/\/isp65-sfe.infd.edu.ar\/sitio\/wp-json\/wp\/v2\/pages\/840\/revisions\/895"}],"up":[{"embeddable":true,"href":"https:\/\/isp65-sfe.infd.edu.ar\/sitio\/wp-json\/wp\/v2\/pages\/644"}],"wp:attachment":[{"href":"https:\/\/isp65-sfe.infd.edu.ar\/sitio\/wp-json\/wp\/v2\/media?parent=840"}],"curies":[{"name":"wp","href":"https:\/\/api.w.org\/{rel}","templated":true}]}}